{"id":1608,"date":"2019-05-13T20:34:08","date_gmt":"2019-05-13T20:34:08","guid":{"rendered":"https:\/\/www.canhealyourself.com\/homeopathy\/?page_id=1608"},"modified":"2021-05-09T18:54:41","modified_gmt":"2021-05-09T18:54:41","slug":"como-trabajo","status":"publish","type":"page","link":"https:\/\/www.canhealyourself.com\/homeopathy\/como-trabajo\/","title":{"rendered":"C\u00f3mo Trabajo"},"content":{"rendered":"\n<p><a href=\"https:\/\/www.canhealyourself.com\/homeopathy\/how-i-work\/\">En ingl\u00e9s<\/a><\/p>\n<p><a href=\"https:\/\/www.canhealyourself.com\/homeopathy\/waivers-questionnaires\/\">Exenciones, cuestionarios e instrucciones<\/a><br \/><a href=\"https:\/\/www.canhealyourself.com\/homeopathy\/formulario-de-evaluacion-del-paciente\/\">Formulario de evaluaci\u00f3n del paciente<\/a><br \/><a href=\"https:\/\/www.canhealyourself.com\/homeopathy\/el-proceso-de-sanacion\/\">Proceso de sanaci\u00f3n<\/a><br \/><a href=\"https:\/\/www.canhealyourself.com\/homeopathy\/como-trabajo\/#Acute\">Cuidado agudo para condiciones a corto plazo<\/a><br \/><a href=\"https:\/\/www.canhealyourself.com\/homeopathy\/como-trabajo\/#Chronic\">Cuidado de condiciones cr\u00f3nicas<\/a><br \/><a href=\"https:\/\/www.canhealyourself.com\/homeopathy\/como-trabajo\/#Interfere\">Lo que puede interferir con su remedio<\/a><\/p>\n<div class=\"entry-content\">\n<p><strong>Tenga en cuenta que siempre es \u00fatil y, en ocasiones, necesario contar con un diagn\u00f3stico y pron\u00f3stico adecuados de su m\u00e9dico antes de buscar atenci\u00f3n homeop\u00e1tica. Yo no tengo una licencia m\u00e9dica, ni hago diagn\u00f3sticos ni doy pron\u00f3sticos de enfermedades.<\/strong> Tenga en cuenta tambi\u00e9n, que los diagn\u00f3sticos y pron\u00f3sticos son falibles; todos pueden cometer errores<\/p>\n<p>Cuando solicite atenci\u00f3n de mi parte, primero debemos decidir si padece una enfermedad aguda (que sucede s\u00f3lo una vez), una enfermedad cr\u00f3nica o un brote agudo de una enfermedad cr\u00f3nica, como un resfriado, gripe o alergia que se presenta anualmente.<\/p>\n<p><strong>Antes de buscar atenci\u00f3n, lea <a href=\"https:\/\/www.canhealyourself.com\/homeopathy\/orientacion-para-nuevos-pacientes\/\">la orientaci\u00f3n para mi nuevo paciente<\/a><\/strong><\/p>\n<p><a id=\"Acute\"><\/a><strong><span style=\"font-size: 20px;\">Cuidados para enfermedades agudas<\/span> (es decir, autolimitadas, a corto plazo) como gripe, resfriados, intoxicaci\u00f3n alimenticia, lesiones, etc.<\/strong><\/p>\n<p>Es posible que lo que est\u00e1 experimentando sea un brote agudo de una enfermedad cr\u00f3nica como la fiebre anual del heno, un resfr\u00edo estacional o cualquier enfermedad que haya tenido anteriormente. Si decidimos que esta enfermedad es recurrente y no s\u00f3lo una enfermedad aguda de s\u00f3la vez, requerir\u00e1 una atenci\u00f3n cr\u00f3nica. <a href=\"https:\/\/www.canhealyourself.com\/homeopathy\/como-trabajo\/\">Vea abajo<\/a><\/p>\n<p>La entrevista de cuidados agudos dura entre media hora y una hora. Hago una serie de preguntas a profundidad sobre todos los aspectos de la enfermedad, incluidos los aspectos mentales, f\u00edsicos y emocionales. Quiero saber con precisi\u00f3n qu\u00e9 partes del cuerpo se ven afectadas y c\u00f3mo. Quiero saber en qu\u00e9 momentos comenzaron los s\u00edntomas y cu\u00e1ndo est\u00e1n m\u00e1s y menos agravados. Quiero saber qu\u00e9 factores en su dieta, actividad, entorno, etc. mejoran o agravan sus s\u00edntomas. Quiero saber las cualidades precisas de las sensaciones, descargas, etc. Quiero saber qu\u00e9 cambios han ocurrido en su estado general de salud, como su sue\u00f1o, energ\u00eda, apetito, dieta, etc. Quiero saber qu\u00e9 cambios han ocurrido. en su estado de \u00e1nimo desde el inicio de la enfermedad. Despu\u00e9s de tener una idea clara de su enfermedad, har\u00e9 el an\u00e1lisis homeop\u00e1tico y elegir\u00e9 un remedio. Te aconsejar\u00e9 sobre c\u00f3mo puedes tomarlo para obtener buenos resultados.<\/p>\n<p>A veces es necesario probar varios remedios antes de encontrar el correcto. Un remedio inadecuado tendr\u00e1 poco o ning\u00fan efecto. Pronto ver\u00e1s mejoras con el remedio correcto. A medida que la recuperaci\u00f3n progresa, se pueden necesitar diferentes recursos y, por lo tanto, se requiere una ingesta adicional.<\/p>\n<p><strong>En funci\u00f3n del tipo y la gravedad de la enfermedad, debemos decidir con qu\u00e9 rapidez debe recibir los resultados del remedio. Si no se observa alguna mejora dentro del tiempo estalecido, debe consultar a su m\u00e9dico.<\/strong><\/p>\n<p><a id=\"Chronic\"><\/a><strong><span style=\"font-size: 20px;\">Atenci\u00f3n para condiciones cr\u00f3nicas<\/span> (es decir, en curso a largo plazo)<\/strong><\/p>\n<p><strong>Paso 1. El primer paso antes de llegar a la primera consulta es completar el <a href=\"https:\/\/www.canhealyourself.com\/homeopathy\/formulario-de-evaluacion-del-paciente\/\">Formulario de evaluaci\u00f3n del paciente<\/a> para determinar los posibles \u201cobst\u00e1culos para curar y mantener las causas\u201d. Estos son los aspectos de su vida que demoran o impiden su proceso de curaci\u00f3n. <\/strong>Algunos son m\u00e1s de una interferencia que otros. En la primera media hora de nuestra reuni\u00f3n, discutiremos estos problemas y decidiremos c\u00f3mo trataremos estos problemas antes de continuar con la atenci\u00f3n homeop\u00e1tica. Nunca se puede saber de antemano cu\u00e1nto afecta un factor a su salud o interferir\u00e1 con la acci\u00f3n del remedio homeop\u00e1tico. Pero hay ciertas cosas que se sabe que interfieren para muchas personas. Identificaremos todas aquellas cosas que tengan un impacto m\u00e1s o menos grave en su salud o que se sepa que interfieren con el remedio. Luego, puede decidir cu\u00e1nto o qu\u00e9 tan poco desea abordarlos antes de continuar con la atenci\u00f3n homeop\u00e1tica.<\/p>\n<p>Algunos factores confunden la imagen creando s\u00edntomas. Algunos factores realmente interfieren con la acci\u00f3n del remedio. Otros factores retardar\u00e1n el proceso de curaci\u00f3n. Puedo aconsejarle y recomendarle otros recursos que lo ayudar\u00e1n a enfrentar estos problemas.<\/p>\n<p><strong>Si est\u00e1 tomando los medicamentos recetados por su m\u00e9dico, debe trabajar con su m\u00e9dico durante el tiempo necesario para manejarlos adecuadamente. Es posible que sea necesario reducir la dosis de sus medicamentos a medida que mejore su salud, pero siempre h\u00e1galo con el consejo de su m\u00e9dico.<\/strong><\/p>\n<p>Hay algunos home\u00f3patas que no trabajan con un cliente que tiene ciertos factores de interferencia. Mi sensaci\u00f3n es que siempre vale la pena tratar de encontrar un remedio eficaz. Pero si hay demasiados factores de interferencia, entonces debo informarle que conf\u00edo menos en poder ayudarlo.<\/p>\n<p>Puedo decidir en la evaluaci\u00f3n que ser\u00eda mejor trabajar con usted nutricionalmente o de alguna otra manera antes de continuar con la atenci\u00f3n homeop\u00e1tica.<\/p>\n<p><strong>Los residentes de California deber\u00e1n firmar<a href=\"https:\/\/www.canhealyourself.com\/homeopathy\/waiver-for-homeopathic\/\"> una exenci\u00f3n para el cuidado homeop\u00e1tico.<\/a><\/strong><\/p>\n<p>El resto de la entrevista dura de una a dos horas. En la primera parte de la entrevista, le pedir\u00e9 que me cuente todo lo que sienta que tiene relaci\u00f3n con los temas que le conciernen. Intento no interferir en su descripci\u00f3n de su situaci\u00f3n, excepto para aclarar. En la segunda parte de la entrevista, le har\u00e9 preguntas para ampliar lo que me ha dicho. <a href=\"https:\/\/www.canhealyourself.com\/homeopathy\/como-trabajo\/#Acute\">Es similar a la ingesta aguda descrita anteriormente.<\/a><\/p>\n<p><strong>Paso 2.<\/strong> En este punto analizar\u00e9 su caso. Por lo general, se me ocurrir\u00e1 una peque\u00f1a cantidad de remedios probables y tendr\u00e9 otras preguntas que podemos discutir m\u00e1s adelante o por tel\u00e9fono. Despu\u00e9s de decidir sobre un remedio, puede solicitarlo en una farmacia. Te dar\u00e9 instrucciones sobre c\u00f3mo tomarlo.<\/p>\n<p>Un par de d\u00edas despu\u00e9s de comenzar un nuevo remedio, haremos un breve seguimiento por tel\u00e9fono para asegurarnos de que todo est\u00e1 bien y para determinar c\u00f3mo debe continuar el tratamiento.<\/p>\n<p><strong>En cualquier momento durante el tratamiento, si tiene preguntas o inquietudes, puede llamarme o enviarme un mensaje de texto.<\/strong><\/p>\n<p><strong>Paso 3.<\/strong> Durante el per\u00edodo entre citas, es necesario que usted realice un seguimiento de c\u00f3mo var\u00eda su salud. Le aconsejo escribier los cambios significativos. Es importante para nosotros ver no s\u00f3lo c\u00f3mo el remedio afecta los s\u00edntomas de preocupaci\u00f3n, sino tambi\u00e9n su salud general, como su sue\u00f1o y energ\u00eda, claridad mental, calma, sensaci\u00f3n de bienestar y adaptabilidad a su entorno.<\/p>\n<p><strong>Si ocurren enfermedades agudas, debe contactarme de inmediato para que podamos decidir el curso de acci\u00f3n adecuado. Es com\u00fan que el tratamiento cr\u00f3nico desencadene enfermedades agudas leves como parte del proceso de curaci\u00f3n.<\/strong> Si no es demasiado severo, es mejor dejarlas pasar. Incluso si decide utilizar un tratamiento convencional u otro tratamiento m\u00e9dico para la enfermedad aguda, deber\u00eda saberlo para poder administrar su tratamiento cr\u00f3nico de manera adecuada.<\/p>\n<p><strong>NOTA: Es importante que me notifique de inmediato sobre cualquier cambio significativo en su salud para que podamos analizar c\u00f3mo manejarlo sin interferir en el proceso de curaci\u00f3n. El empeoramiento temporal de los s\u00edntomas puede ser el preludio de una curaci\u00f3n significativa.<\/strong><\/p>\n<p><a id=\"Interfere\"><\/a><strong><span style=\"font-size: 20px;\">Qu\u00e9 puede interferir con su remedio<\/span> (tambi\u00e9n conocido como Antidoting)<\/strong><\/p>\n<p>Durante su atenci\u00f3n, <strong>lo siguiente probablemente interferir\u00e1 con la acci\u00f3n del remedio y debe evitarse si es posible<\/strong>.<\/p>\n<ul>\n<li data-tadv-p=\"keep\"><strong>Atenci\u00f3n dental (<\/strong>por supuesto, si desea realizar la atenci\u00f3n dental necesaria, tenga en cuenta que puede interferir temporalmente con la acci\u00f3n de su remedio homeop\u00e1tico. Los focos de infecci\u00f3n cr\u00f3nica que su cuerpo no puede abordar, como los endodoncias (conductos radiculares), son obst\u00e1culos para curar. Lea sobre esto <a href=\"https:\/\/articles.mercola.com\/sites\/articles\/archive\/2010\/11\/16\/why-you-should-avoid-root-canals-like-the-plague.aspx\" target=\"_blank\" rel=\"noopener noreferrer\">aqu\u00ed<\/a>.<strong>)<\/strong><\/li>\n<li><strong>Aceites esenciales como alcanfor, aceite de \u00e1rbol de t\u00e9, menta, etc.<\/strong><\/li>\n<li data-tadv-p=\"keep\"><strong>Olores fuertes como pinturas, bolas de naftalina, perfumes, colonias, etc.<\/strong><strong><br \/><\/strong><\/li>\n<li data-tadv-p=\"keep\"><strong>Dormir con una manta el\u00e9ctrica, tel\u00e9fono celular, enrutador wifi u otras fuentes fuertes de energ\u00eda EMF cerca.<\/strong><\/li>\n<li data-tadv-p=\"keep\"><strong>Algunas hierbas fuertes: e.g. Bitters suecos, t\u00e9 Pau d\u2019Arco, productos Sunrider y KM, marijuana y <span style=\"text-decoration: underline;\">particularmente cafe<\/span><br \/><\/strong><\/li>\n<li data-tadv-p=\"keep\"><strong>Tratamientos de rayos X, MRI y acupuntura.<\/strong><\/li>\n<li><strong>Algunas drogas <\/strong><\/li>\n<li data-tadv-p=\"keep\"><strong>Aguas termales<\/strong><\/li>\n<\/ul>\n<p><strong>Su frasco de remedio debe mantenerse alejado de todo lo anterior y tambi\u00e9n fuera de la luz solar y temperaturas superiores a 110 grados F \/ 44 grados C. No lo abra en presencia de olores fuertes.<\/strong><\/p>\n<p>Agravaciones homeop\u00e1ticas: de vez en cuando, cuando comienza a usar el remedio homeop\u00e1tico correcto, los s\u00edntomas empeoran levemente. Aunque no es deseable, en cierto modo es bueno porque es una confirmaci\u00f3n de que se eligi\u00f3 el remedio correcto. La agravaci\u00f3n desaparece en unos pocos d\u00edas y comienza la curaci\u00f3n.<\/p>\n<p><strong>Paso 4<\/strong>. Las entrevistas de seguimiento usualmente duran aproximadamente media hora y se pueden hacer por tel\u00e9fono. Quiero saber todos los cambios que se han producido desde que comenz\u00f3 a tomar el remedio o el \u00faltimo seguimiento. Aqu\u00ed es donde mantener un registro de cambios significativos puede ser muy \u00fatil. En este punto, podemos decidir quedarnos con el remedio actual, no hacer nada o elegir un remedio diferente.<\/p>\n<p>Una vez que el remedio comienza a funcionar, no se requieren m\u00e1s entrevistas en profundidad hasta que su cuadro de s\u00edntoma cambie o se detenga su mejora. La frecuencia de las entrevistas de seguimiento depende de la naturaleza de su caso. A medida que su salud mejora, se necesitan seguimientos menos frecuentes. <strong>Pero contin\u00fae en contacto por tel\u00e9fono o mensaje de texto al menos una vez al mes y notif\u00edqueme si se presenta alguna afecci\u00f3n aguda o si se producen cambios significativos en su salud. Me parece que WhatsApp es la forma m\u00e1s f\u00e1cil de mantenerse en contacto.<\/strong><\/p>\n<p><strong>Note:<\/strong> Con el cuidado cr\u00f3nico a menudo desalentar\u00e9 el tratamiento agudo donde pueda interferir innecesariamente con el tratamiento cr\u00f3nico, pero usar\u00e9 su propio criterio.<\/p>\n<p><strong>El primer paso antes de llegar a la primera consulta es completar el <a href=\"https:\/\/www.canhealyourself.com\/homeopathy\/formulario-de-evaluacion-del-paciente\/\">Formulario de evaluaci\u00f3n del paciente<\/a> para determinar los posibles \u201cobst\u00e1culos para curar y mantener las causas\u201d. Estos son los aspectos de su vida que demoran o impiden su proceso de curaci\u00f3n.<\/strong><\/p>\n<\/div>\n","protected":false},"excerpt":{"rendered":"<p>En ingl\u00e9s Exenciones, cuestionarios e instruccionesFormulario de evaluaci\u00f3n del pacienteProceso de sanaci\u00f3nCuidado agudo para condiciones a corto plazoCuidado de condiciones cr\u00f3nicasLo que puede interferir con su remedio Tenga en cuenta que siempre es \u00fatil y, en ocasiones, necesario contar con un diagn\u00f3stico y pron\u00f3stico adecuados de su m\u00e9dico antes de buscar atenci\u00f3n homeop\u00e1tica. Yo no [&hellip;]<\/p>\n","protected":false},"author":2,"featured_media":0,"parent":0,"menu_order":0,"comment_status":"closed","ping_status":"closed","template":"","meta":{"footnotes":""},"class_list":["post-1608","page","type-page","status-publish","hentry"],"_links":{"self":[{"href":"https:\/\/www.canhealyourself.com\/homeopathy\/wp-json\/wp\/v2\/pages\/1608","targetHints":{"allow":["GET"]}}],"collection":[{"href":"https:\/\/www.canhealyourself.com\/homeopathy\/wp-json\/wp\/v2\/pages"}],"about":[{"href":"https:\/\/www.canhealyourself.com\/homeopathy\/wp-json\/wp\/v2\/types\/page"}],"author":[{"embeddable":true,"href":"https:\/\/www.canhealyourself.com\/homeopathy\/wp-json\/wp\/v2\/users\/2"}],"replies":[{"embeddable":true,"href":"https:\/\/www.canhealyourself.com\/homeopathy\/wp-json\/wp\/v2\/comments?post=1608"}],"version-history":[{"count":14,"href":"https:\/\/www.canhealyourself.com\/homeopathy\/wp-json\/wp\/v2\/pages\/1608\/revisions"}],"predecessor-version":[{"id":1977,"href":"https:\/\/www.canhealyourself.com\/homeopathy\/wp-json\/wp\/v2\/pages\/1608\/revisions\/1977"}],"wp:attachment":[{"href":"https:\/\/www.canhealyourself.com\/homeopathy\/wp-json\/wp\/v2\/media?parent=1608"}],"curies":[{"name":"wp","href":"https:\/\/api.w.org\/{rel}","templated":true}]}}