{"id":1103,"date":"2016-03-30T19:03:03","date_gmt":"2016-03-30T19:03:03","guid":{"rendered":"http:\/\/www.canhealyourself.com\/homeopathy\/?page_id=1103"},"modified":"2017-09-23T09:05:53","modified_gmt":"2017-09-23T09:05:53","slug":"instrucciones-para-usar-remedios-homeopaticos-lm","status":"publish","type":"page","link":"https:\/\/www.canhealyourself.com\/homeopathy\/instrucciones-para-usar-remedios-homeopaticos-lm\/","title":{"rendered":"Instrucciones para usar Remedios Homeop\u00e1ticos LM"},"content":{"rendered":"<p class=\"western\"><span style=\"font-family: Geneva, serif;\">Estos factores pueden interferir con la acci\u00f3n de tu remedio homeop\u00e1tico y deben de ser evitados siempre que sea <span style=\"text-decoration: underline;\">posible<\/span>:<\/span><\/p>\n<p class=\"western\"><span style=\"font-family: Geneva, serif;\">\u00b7 Tratamiento dental<\/span><\/p>\n<p class=\"western\"><span style=\"font-family: Geneva, serif;\">\u00b7 Aceites esenciales como Alcanfor, naftalina, aceite de \u00e1rbol de t\u00e9, etc. y de cualquier otro olor fuerte como pinturas, perfumes, colonias, disolventes, etc.<\/span><\/p>\n<p class=\"western\"><span style=\"font-family: Geneva, serif;\">\u00b7 Dormir con un edred\u00f3n el\u00e9ctrico u otras fuentes de fuerza electromagn\u00e9tica<\/span><\/p>\n<p class=\"western\"><span style=\"font-family: Geneva, serif;\">\u00b7 Productos como: \u201cSwedish bitters\u201d, t\u00e9 Pau d\u2019Arco, Sunrider y Km<\/span><\/p>\n<p class=\"western\"><span style=\"font-family: Geneva, serif;\">\u00b7 Rayos X, im\u00e1genes por resonancia magn\u00e9tica o tratamientos de acupuntura<\/span><\/p>\n<p class=\"western\"><span style=\"font-family: Geneva, serif;\">\u00b7 Otros remedios homeop\u00e1ticos<\/span><\/p>\n<p class=\"western\"><span style=\"font-family: Geneva, serif;\">\u00b7 Algunas medicinas y hierbas medicinales como el caf\u00e9 quiz\u00e1s interfieran con algunas personas <\/span><\/p>\n<p class=\"western\"><span style=\"font-family: Geneva, serif;\">La botella con el Remedio debe estar lejos de contaminaci\u00f3n, luz del sol directa, fuerte energ\u00eda electromagn\u00e9tica, rayos X y no debe ser abierto junto a otras botellas abiertas u otros olores fuertes como los mencionados anteriormente.<\/span><\/p>\n<p class=\"western\"><span style=\"font-family: Geneva, serif;\">El remedio debe estar <\/span><span style=\"font-family: Geneva, serif;\"><b>refrigerado<\/b><\/span><span style=\"font-family: Geneva, serif;\"> a menos que est\u00e9 preservado con el 20% de alcohol.<\/span><\/p>\n<p class=\"western\"><span style=\"font-family: Geneva, serif;\">Es necesario contar con lo siguiente:<\/span><\/p>\n<p class=\"western\"><span style=\"font-family: Geneva, serif;\">1. Tu botella con la soluci\u00f3n de tu remedio que obtuviste de la farmacia. Puede ser 120 ml hasta 360 ml o una botella de 30 o 70 ml con gotero.<\/span><\/p>\n<p class=\"western\"><span style=\"font-family: Geneva, serif;\">2. Conos de papel sin cera o vasos de pl\u00e1stico desechables o una taza de vidrio esterilizada con el sol o hervida antes de cada dosis.<\/span><\/p>\n<p class=\"western\"><span style=\"font-family: Geneva, serif;\">3. Una cuchara peque\u00f1a (cucharada o cucharadita) de acero inoxidable que tambi\u00e9n debe ser lavada en agua caliente despu\u00e9s de usarse o esterilizada con el sol.<\/span><\/p>\n<p class=\"western\"><span style=\"font-family: Geneva, serif;\">Toma las dosis de la siguiente manera: Es mejor esperar media hora antes o despu\u00e9s de ingerir algo excepto agua, pero esto no es necesario. El mejor momento es en la ma\u00f1ana o antes de dormir a menos que te sea dif\u00edcil dormir, pero cualquier momento puede ser bueno.<\/span><\/p>\n<p class=\"western\"><span style=\"font-family: Geneva, serif;\">1. Golpea la botella ____ veces (como si cayera de una altura aproximada de 45 cm en una superficie firme pero suave, como la de un libro)<\/span><\/p>\n<p class=\"western\"><span style=\"font-family: Geneva, serif;\">2. Llena un cono de papel \/ de pl\u00e1stico o la taza esterilizada con aproximadamente 120 ml de agua purificada.<\/span><\/p>\n<p class=\"western\"><span style=\"font-family: Geneva, serif;\">3. Pon una cucharadita (o ___ gotas si usas una botella con gotero) de la botella con el remedio en la copa y mueve durante 10 segundos.<\/span><\/p>\n<p class=\"western\"><span style=\"font-family: Geneva, serif;\">4. Toma <strong>UNA<\/strong> cucharada o cucharadita (como se recomienda)\u00a0<\/span><span style=\"font-family: Geneva, serif;\">de la taza, mant\u00e9n en tu boca por unos segundos y luego traga. <\/span><span style=\"font-family: Geneva, serif;\"><b>DESHECHA<\/b><\/span><span style=\"font-family: Geneva, serif;\"> el resto de la taza!.<\/span><\/p>\n<p class=\"western\"><span style=\"font-family: Geneva, serif;\">Toma tu primera dosis y <\/span><span style=\"font-family: Geneva, serif;\"><b>ESPERA<\/b><\/span><span style=\"font-family: Geneva, serif;\">. Despu\u00e9s t\u00fa podr\u00e1s juzgar tu propio progreso con mi ayuda. <\/span><span style=\"font-family: Geneva, serif;\"><b>LL\u00c1MAME 3 o 4 d\u00edas DESPU\u00c9S DE TU PRIMERA DOSIS Y DESPU\u00c9S DE TOMAR EL REMEDIO POR 3 SEMANAS. <\/b><\/span><\/p>\n<p class=\"western\"><span style=\"font-family: Geneva, serif;\">Sin ning\u00fan cambio en tu condici\u00f3n incrementa la frecuencia y\/o la potencia. <\/span><span style=\"font-family: Geneva, serif;\"><b>DEJA DE TOMARLO SI AUN NO HAS NOTADO CAMBIOS despu\u00e9s de 3 semanas<\/b><\/span><span style=\"font-family: Geneva, serif;\">. Cont\u00e1ctame si sientes que \u00e9ste es o no es el caso.<\/span><\/p>\n<p class=\"western\"><span style=\"font-family: Geneva, serif;\"><b>Lo m\u00e1s importante: SI VES MEJORAS, EMPEORAS O CAMBIOS EN LOS S\u00cdNTOMAS NO TOMES OTRA DOSIS<\/b><\/span><span style=\"font-family: Geneva, serif;\"> hasta que sientas que la \u00faltima dosis ha <\/span><span style=\"font-family: Geneva, serif;\"><u>empezado<\/u><\/span><span style=\"font-family: Geneva, serif;\"> a desaparecer, lo que significa que ya no presentas cambios en los s\u00edntomas o en los s\u00edntomas generales de salud. Eventualmente podr\u00e1s juzgar por ti mismo qu\u00e9 tan seguido debes tomarlo. El remedio est\u00e1 funcionando si notas mejoras en cualquiera de tus s\u00edntomas Y en estos Signos Generales de Salud:<\/span><\/p>\n<p class=\"western\"><span style=\"font-family: Geneva, serif;\">1. Sue\u00f1o y Energ\u00eda (el sue\u00f1o se siente mejor; despiertas m\u00e1s fresco; la energ\u00eda se siente mejor)<\/span><\/p>\n<p class=\"western\"><span style=\"font-family: Geneva, serif;\">2. Sensaci\u00f3n de Bienestar<\/span><\/p>\n<p class=\"western\"><span style=\"font-family: Geneva, serif;\">3. Claridad Mental<\/span><\/p>\n<p class=\"western\"><span style=\"font-family: Geneva, serif;\">4. Calma<\/span><\/p>\n<p class=\"western\"><span style=\"font-family: Geneva, serif;\">5. Mejor Adaptabilidad a tu Ambiente (menos sensible a los alergenos o a las causas de estr\u00e9s)<\/span><\/p>\n<p class=\"western\"><span style=\"font-family: Geneva, serif;\">Si cualquiera de los signos anteriores mejora a pesar de un empeoramiento temporal de otro(s), est\u00e1s en buen camino. Si los s\u00edntomas \u00fanicamente cambian sin ninguna mejora de los signos generales puede ser que sea un remedio cercano pero no el mejor remedio.<\/span><\/p>\n<p class=\"western\"><span style=\"font-family: Geneva, serif;\"><b>SI HAY EMPEORAMIENTO DE LOS S\u00cdNTOMAS O SIENTES LIGERAMENTE QUE TIENES DEMASIADA ENERG\u00cdA, DEJA DE TOMAR EL REMEDIO<\/b><\/span><span style=\"font-family: Geneva, serif;\"> hasta que veas mejora. No hay da\u00f1o. S\u00f3lo significa que es el remedio correcto, pero que la potencia es ligeramente alta. <\/span><span style=\"font-family: Geneva, serif;\"><b>Ll\u00e1mame para que pueda ayudar a ajustarte la potencia o si tienes cualquier pregunta. <\/b><\/span><\/p>\n<p class=\"western\"><span style=\"font-family: Geneva, serif;\">La potencia puede ser <\/span><span style=\"font-family: Geneva, serif;\"><b>disminuida<\/b><\/span><span style=\"font-family: Geneva, serif;\"> de las siguientes maneras:<\/span><\/p>\n<p class=\"western\"><span style=\"font-family: Geneva, serif;\">1. disminuir el numero de veces que agitas el remedio para cada dosis (al menos dos veces es necesario)<\/span><\/p>\n<p class=\"western\"><span style=\"font-family: Geneva, serif;\">2. usar m\u00e1s agua<\/span><\/p>\n<p class=\"western\"><span style=\"font-family: Geneva, serif;\">3. usar una segunda taza de agua con una cucharadita llena de la primera taza.<\/span><\/p>\n<p class=\"western\"><span style=\"font-family: Geneva, serif;\">La potencia puede ser <\/span><span style=\"font-family: Geneva, serif;\"><b>aumentada <\/b><\/span><span style=\"font-family: Geneva, serif;\">incrementando el n\u00famero de veces que agitas el remedio. Despu\u00e9s de un total de Aprox. 40 veces que agitas la botella con el remedio (por ejemplo. LM1) o si no ves m\u00e1s mejoras a este nivel puedes empezar con el siguiente nivel (por ejemplo. LM2) en la misma manera en que terminaste el primero. Puedes continuar con un nivel si sientes que a\u00fan te est\u00e1 beneficiando. A niveles m\u00e1s altos disminuye la frecuencia de uso.<\/span><\/p>\n<p class=\"western\"><span style=\"font-family: Geneva, serif;\">Si una condici\u00f3n aguda (auto-limitante) como un resfriado surge, por favor cont\u00e1ctame. Descontin\u00faa el remedio LM hasta que la nueva enfermedad temporal se resuelva, a menos que sientas que te est\u00e1 ayudando. Puedes tratar de subir la potencia y la frecuencia, pero si no observas mejoras despu\u00e9s de unas dosis, detente. Para una condici\u00f3n aguda seria (por ejemplo. una herida grave, fiebre alta, etc.) completa el tratamiento adecuado antes de regresar al remedio LM para tu condici\u00f3n cr\u00f3nica.<\/span><\/p>\n<p class=\"western\"><span style=\"font-family: Geneva, serif;\">Frecuentemente, cuando ya terminaste con un remedio ver\u00e1s un ligero regreso temporal a los s\u00edntomas que elimin\u00f3. De lo contrario, si no ves mejora alguna en el siguiente nivel despu\u00e9s de unas semanas O si tus s\u00edntomas cambian significativamente (usualmente s\u00edntomas viejos regresan, lo cual es un buen signo) O todos tus s\u00edntomas se han eliminado, ya puedes terminar con el remedio; cont\u00e1ctame para tener mi consejo.<\/span><\/p>\n<p class=\"western\"><span style=\"font-family: Geneva, serif;\">Ver\u00e1s mejores resultados si reduces o eliminas otras substancias m\u00e9dicas no preescritas as\u00ed como hierbas, drogas, caf\u00e9, tabaco, alcohol, etc. No detengas su uso inmediatamente, sino red\u00facelo gradualmente. Evita otros \u201cobst\u00e1culos para la cura\u201d. <\/span><span style=\"font-family: Geneva, serif;\"><b>Trabaja cercano a tu doctor, especialmente si est\u00e1s tomando una medicina preescrita.<\/b><\/span><span style=\"font-family: Geneva, serif;\"> El remedio debe mejorar tu salud por lo que es posible que requieras menos medicina. <\/span><span style=\"font-family: Geneva, serif;\"><b>S\u00f3lo altera la dosis de tu medicina preescrita con la supervisi\u00f3n de tu doctor.<\/b><\/span><\/p>\n<p class=\"western\"><span style=\"font-family: Geneva, serif;\">Estos factores pueden interferir con la acci\u00f3n de tu remedio homeop\u00e1tico y deben de ser evitados siempre que sea posible:<\/span><\/p>\n<p class=\"western\"><span style=\"font-family: Geneva, serif;\">\u00b7 Tratamiento dental<\/span><\/p>\n<p class=\"western\"><span style=\"font-family: Geneva, serif;\">\u00b7 Aceites esenciales como Alcanfor, naftalina, aceite de \u00e1rbol de t\u00e9, Etc. y de ser posible cualquier otro olor fuerte como pinturas, Etc.<\/span><\/p>\n<p class=\"western\"><span style=\"font-family: Geneva, serif;\">\u00b7 Dormir con un edred\u00f3n el\u00e9ctrico u otras fuentes de fuerza electromagn\u00e9tica<\/span><\/p>\n<p class=\"western\"><span style=\"font-family: Geneva, serif;\">\u00b7 Productos como: \u201cSwedish bitters\u201d, t\u00e9 Pau d\u2019Arco, Sunrider y Km<\/span><\/p>\n<p class=\"western\"><span style=\"font-family: Geneva, serif;\">\u00b7 Rayos X, im\u00e1genes por resonancia magn\u00e9tica o tratamientos de acupuntura<\/span><\/p>\n<p class=\"western\"><span style=\"font-family: Geneva, serif;\">\u00b7 Otros remedios homeop\u00e1ticos<\/span><\/p>\n<p class=\"western\"><span style=\"font-family: Geneva, serif;\">\u00b7 Algunas medicinas y hierbas medicinales como el caf\u00e9 quiz\u00e1s interfieran con algunas personas <\/span><\/p>\n<p class=\"western\"><span style=\"font-family: Geneva, serif;\">S\u00e9 Feliz, S\u00e9 Sano,<br \/>\nRoger Barr<\/span><\/p>\n","protected":false},"excerpt":{"rendered":"<p>Estos factores pueden interferir con la acci\u00f3n de tu remedio homeop\u00e1tico y deben de ser evitados siempre que sea posible: \u00b7 Tratamiento dental \u00b7 Aceites esenciales como Alcanfor, naftalina, aceite de \u00e1rbol de t\u00e9, etc. y de cualquier otro olor fuerte como pinturas, perfumes, colonias, disolventes, etc. \u00b7 Dormir con un edred\u00f3n el\u00e9ctrico u otras [&hellip;]<\/p>\n","protected":false},"author":2,"featured_media":0,"parent":0,"menu_order":0,"comment_status":"closed","ping_status":"closed","template":"","meta":{"footnotes":""},"class_list":["post-1103","page","type-page","status-publish","hentry"],"_links":{"self":[{"href":"https:\/\/www.canhealyourself.com\/homeopathy\/wp-json\/wp\/v2\/pages\/1103","targetHints":{"allow":["GET"]}}],"collection":[{"href":"https:\/\/www.canhealyourself.com\/homeopathy\/wp-json\/wp\/v2\/pages"}],"about":[{"href":"https:\/\/www.canhealyourself.com\/homeopathy\/wp-json\/wp\/v2\/types\/page"}],"author":[{"embeddable":true,"href":"https:\/\/www.canhealyourself.com\/homeopathy\/wp-json\/wp\/v2\/users\/2"}],"replies":[{"embeddable":true,"href":"https:\/\/www.canhealyourself.com\/homeopathy\/wp-json\/wp\/v2\/comments?post=1103"}],"version-history":[{"count":3,"href":"https:\/\/www.canhealyourself.com\/homeopathy\/wp-json\/wp\/v2\/pages\/1103\/revisions"}],"predecessor-version":[{"id":1299,"href":"https:\/\/www.canhealyourself.com\/homeopathy\/wp-json\/wp\/v2\/pages\/1103\/revisions\/1299"}],"wp:attachment":[{"href":"https:\/\/www.canhealyourself.com\/homeopathy\/wp-json\/wp\/v2\/media?parent=1103"}],"curies":[{"name":"wp","href":"https:\/\/api.w.org\/{rel}","templated":true}]}}